{"id":1253,"date":"2025-09-20T13:27:31","date_gmt":"2025-09-20T13:27:31","guid":{"rendered":"http:\/\/localhost\/Rank_code\/egitravel\/?page_id=1253"},"modified":"2025-09-20T13:27:48","modified_gmt":"2025-09-20T13:27:48","slug":"viajes","status":"publish","type":"page","link":"https:\/\/egitravel.com\/?page_id=1253&lang=es","title":{"rendered":"Viajes"},"content":{"rendered":"\t\t<div data-elementor-type=\"wp-page\" data-elementor-id=\"1253\" class=\"elementor elementor-1253\">\n\t\t\t\t<div class=\"elementor-element elementor-element-7b6058b e-flex e-con-boxed e-con e-parent\" data-id=\"7b6058b\" data-element_type=\"container\" data-e-type=\"container\">\n\t\t\t\t\t<div class=\"e-con-inner\">\n\t\t\t\t<div class=\"elementor-element elementor-element-c58d55c elementor-widget elementor-widget-wptravelengine-trips-list\" data-id=\"c58d55c\" data-element_type=\"widget\" data-e-type=\"widget\" data-widget_type=\"wptravelengine-trips-list.default\">\n\t\t\t\t<div class=\"elementor-widget-container\">\n\t\t\t\t\t\t\t\t<div class=\"wpte-trips-list wpte-elementor-widget layout-2\">\n\t\t\t\t<div class=\"wpte-grid\">\n\t\t\t\t\t<div class=\"wpte-card wpte-card--l-r wpte-col-num-2\" itemprop=\"itemListElement\" itemscope itemtype=\"http:\/\/schema.org\/ListItem\">\n\t<div class=\"wpte-card__wrap\">\n\t\t<div class=\"wpte-card__media\">\n\t\t\t\t\t\t\t\t\t<figure class=\"wpte-card__image\">\n\t\t\t\t\t\t\t\t<a href=\"https:\/\/egitravel.com\/?trip=pyramids-grand-egyptian-museum-full-day-tour\" class=\"wpte-card__fallback-img\">\n\t\t\t\t\t\t\t\t\t<\/a>\n\t\t\t<\/figure>\n\t\t\t\t\t<\/div>\n\t\t<div class=\"wpte-card__content\">\n\t\t\t\t\t\t\t\t<div class=\"wpte-card__location\">\n\t\t\t\t\t\t            <span class=\"wpte-card__icon\">\n                <svg\n                    data-prefix=\"fas\" \n                    data-icon=\"map-marker\"  \n                    width=\"12\" \n                    height=\"15\" \n                    viewBox=\"0 0 12 15\" \n                    fill=\"none\" \n                    xmlns=\"http:\/\/www.w3.org\/2000\/svg\">\n                    <path d=\"M6 0C4.4087 0 2.88258 0.632141 1.75736 1.75736C0.632141 2.88258 0 4.4087 0 6C0 10.05 5.2875 14.625 5.5125 14.82C5.64835 14.9362 5.82124 15 6 15C6.17877 15 6.35165 14.9362 6.4875 14.82C6.75 14.625 12 10.05 12 6C12 4.4087 11.3679 2.88258 10.2426 1.75736C9.11742 0.632141 7.5913 0 6 0ZM6 13.2375C4.4025 11.7375 1.5 8.505 1.5 6C1.5 4.80653 1.97411 3.66193 2.81802 2.81802C3.66193 1.97411 4.80653 1.5 6 1.5C7.19347 1.5 8.33807 1.97411 9.18198 2.81802C10.0259 3.66193 10.5 4.80653 10.5 6C10.5 8.505 7.5975 11.745 6 13.2375ZM6 3C5.40666 3 4.82664 3.17595 4.33329 3.50559C3.83994 3.83524 3.45542 4.30377 3.22836 4.85195C3.0013 5.40013 2.94189 6.00333 3.05764 6.58527C3.1734 7.16721 3.45912 7.70176 3.87868 8.12132C4.29824 8.54088 4.83279 8.8266 5.41473 8.94236C5.99667 9.05811 6.59987 8.9987 7.14805 8.77164C7.69623 8.54458 8.16477 8.16006 8.49441 7.66671C8.82405 7.17336 9 6.59334 9 6C9 5.20435 8.68393 4.44129 8.12132 3.87868C7.55871 3.31607 6.79565 3 6 3ZM6 7.5C5.70333 7.5 5.41332 7.41203 5.16665 7.2472C4.91997 7.08238 4.72771 6.84811 4.61418 6.57403C4.50065 6.29994 4.47094 5.99834 4.52882 5.70736C4.5867 5.41639 4.72956 5.14912 4.93934 4.93934C5.14912 4.72956 5.41639 4.5867 5.70737 4.52882C5.99834 4.47094 6.29994 4.50065 6.57403 4.61418C6.84811 4.72771 7.08238 4.91997 7.2472 5.16665C7.41203 5.41332 7.5 5.70333 7.5 6C7.5 6.39782 7.34197 6.77936 7.06066 7.06066C6.77936 7.34196 6.39783 7.5 6 7.5Z\" fill=\"currentColor\"><\/path>\n                <\/svg>\n            <\/span>\n            \t\t\t\t\t\t<span><a rel=\"tag\" target=\"_self\" href=\"https:\/\/egitravel.com\/?destination=cairo\">Cairo<\/a>, <a rel=\"tag\" target=\"_self\" href=\"https:\/\/egitravel.com\/?destination=egypt\">Egypt<\/a><\/span>\n\t\t\t\t\t<\/div>\n\t\t\t\t\t\t\t\t\t<h2 class=\"wpte-card__title\" itemprop=\"name\">\n\t\t\t\t\t<a itemprop=\"url\" href=\"https:\/\/egitravel.com\/?trip=pyramids-grand-egyptian-museum-full-day-tour\">Pyramids &amp; Grand Egyptian Museum Full Day Tour<\/a>\n\t\t\t\t<\/h2>\n\t\t\t\t\t\t<div class=\"wpte-card__meta\">\n\t\t\t\t\n\t\t\t\t\t<div class=\"category trip-dur\">\n\t\t\t\t\t\t            <span class=\"wpte-card__icon\">\n                <svg width=\"24\" \n                    height=\"25\" \n                    viewBox=\"0 0 24 25\" \n                    fill=\"none\" \n                    xmlns=\"http:\/\/www.w3.org\/2000\/svg\">\n                    <g opacity=\"1\">\n                    <path d=\"M21 10.3018H3M16 2.30176V6.30176M8 2.30176V6.30176M7.8 22.3018H16.2C17.8802 22.3018 18.7202 22.3018 19.362 21.9748C19.9265 21.6872 20.3854 21.2282 20.673 20.6637C21 20.022 21 19.1819 21 17.5018V9.10176C21 7.4216 21 6.58152 20.673 5.93979C20.3854 5.3753 19.9265 4.91636 19.362 4.62874C18.7202 4.30176 17.8802 4.30176 16.2 4.30176H7.8C6.11984 4.30176 5.27976 4.30176 4.63803 4.62874C4.07354 4.91636 3.6146 5.3753 3.32698 5.93979C3 6.58152 3 7.4216 3 9.10176V17.5018C3 19.1819 3 20.022 3.32698 20.6637C3.6146 21.2282 4.07354 21.6872 4.63803 21.9748C5.27976 22.3018 6.11984 22.3018 7.8 22.3018Z\" stroke=\"currentColor\" stroke-width=\"1.39\" stroke-linecap=\"round\" stroke-linejoin=\"round\"\/>\n                    <\/g>\n                <\/svg>\n            <\/span>\n            \t\t\t\t\t\t<div class=\"wpte-card__meta-content\">\n\t\t\t\t\t\t\t\t\t\t\t\t\t\t\t<span class=\"wpte-card__meta-title\">Duration<\/span>\n\t\t\t\t\t\t\t\t<span class=\"wpte-card__meta-value\">1 Day<\/span>\n\t\t\t\t\t\t<\/div>\n\t\t\t\t\t<\/div>\n\t\t\t\t\t\t\t<\/div>\n\t\t\t\t\t<\/div>\n\t<\/div>\n<\/div>\n<div class=\"wpte-card wpte-card--l-r wpte-col-num-2\" itemprop=\"itemListElement\" itemscope itemtype=\"http:\/\/schema.org\/ListItem\">\n\t<div class=\"wpte-card__wrap\">\n\t\t<div class=\"wpte-card__media\">\n\t\t\t\t\t\t\t\t\t<figure class=\"wpte-card__image\">\n\t\t\t\t\t\t\t\t<a href=\"https:\/\/egitravel.com\/?trip=jordania&#038;lang=es\" class=\"wpte-card__fallback-img\">\n\t\t\t\t\t\t\t\t\t<\/a>\n\t\t\t<\/figure>\n\t\t\t\t\t<\/div>\n\t\t<div class=\"wpte-card__content\">\n\t\t\t\t\t\t\t\t<div class=\"wpte-card__location\">\n\t\t\t\t\t\t            <span class=\"wpte-card__icon\">\n                <svg\n                    data-prefix=\"fas\" \n                    data-icon=\"map-marker\"  \n                    width=\"12\" \n                    height=\"15\" \n                    viewBox=\"0 0 12 15\" \n                    fill=\"none\" \n                    xmlns=\"http:\/\/www.w3.org\/2000\/svg\">\n                    <path d=\"M6 0C4.4087 0 2.88258 0.632141 1.75736 1.75736C0.632141 2.88258 0 4.4087 0 6C0 10.05 5.2875 14.625 5.5125 14.82C5.64835 14.9362 5.82124 15 6 15C6.17877 15 6.35165 14.9362 6.4875 14.82C6.75 14.625 12 10.05 12 6C12 4.4087 11.3679 2.88258 10.2426 1.75736C9.11742 0.632141 7.5913 0 6 0ZM6 13.2375C4.4025 11.7375 1.5 8.505 1.5 6C1.5 4.80653 1.97411 3.66193 2.81802 2.81802C3.66193 1.97411 4.80653 1.5 6 1.5C7.19347 1.5 8.33807 1.97411 9.18198 2.81802C10.0259 3.66193 10.5 4.80653 10.5 6C10.5 8.505 7.5975 11.745 6 13.2375ZM6 3C5.40666 3 4.82664 3.17595 4.33329 3.50559C3.83994 3.83524 3.45542 4.30377 3.22836 4.85195C3.0013 5.40013 2.94189 6.00333 3.05764 6.58527C3.1734 7.16721 3.45912 7.70176 3.87868 8.12132C4.29824 8.54088 4.83279 8.8266 5.41473 8.94236C5.99667 9.05811 6.59987 8.9987 7.14805 8.77164C7.69623 8.54458 8.16477 8.16006 8.49441 7.66671C8.82405 7.17336 9 6.59334 9 6C9 5.20435 8.68393 4.44129 8.12132 3.87868C7.55871 3.31607 6.79565 3 6 3ZM6 7.5C5.70333 7.5 5.41332 7.41203 5.16665 7.2472C4.91997 7.08238 4.72771 6.84811 4.61418 6.57403C4.50065 6.29994 4.47094 5.99834 4.52882 5.70736C4.5867 5.41639 4.72956 5.14912 4.93934 4.93934C5.14912 4.72956 5.41639 4.5867 5.70737 4.52882C5.99834 4.47094 6.29994 4.50065 6.57403 4.61418C6.84811 4.72771 7.08238 4.91997 7.2472 5.16665C7.41203 5.41332 7.5 5.70333 7.5 6C7.5 6.39782 7.34197 6.77936 7.06066 7.06066C6.77936 7.34196 6.39783 7.5 6 7.5Z\" fill=\"currentColor\"><\/path>\n                <\/svg>\n            <\/span>\n            \t\t\t\t\t\t<span><a rel=\"tag\" target=\"_self\" href=\"https:\/\/egitravel.com\/?destination=jordania&#038;lang=es\">Jordania<\/a><\/span>\n\t\t\t\t\t<\/div>\n\t\t\t\t\t\t\t\t\t<h2 class=\"wpte-card__title\" itemprop=\"name\">\n\t\t\t\t\t<a itemprop=\"url\" href=\"https:\/\/egitravel.com\/?trip=jordania&#038;lang=es\">Jordania<\/a>\n\t\t\t\t<\/h2>\n\t\t\t\t\t\t<div class=\"wpte-card__meta\">\n\t\t\t\t\n\t\t\t\t\t<div class=\"category trip-dur\">\n\t\t\t\t\t\t            <span class=\"wpte-card__icon\">\n                <svg width=\"24\" \n                    height=\"25\" \n                    viewBox=\"0 0 24 25\" \n                    fill=\"none\" \n                    xmlns=\"http:\/\/www.w3.org\/2000\/svg\">\n                    <g opacity=\"1\">\n                    <path d=\"M21 10.3018H3M16 2.30176V6.30176M8 2.30176V6.30176M7.8 22.3018H16.2C17.8802 22.3018 18.7202 22.3018 19.362 21.9748C19.9265 21.6872 20.3854 21.2282 20.673 20.6637C21 20.022 21 19.1819 21 17.5018V9.10176C21 7.4216 21 6.58152 20.673 5.93979C20.3854 5.3753 19.9265 4.91636 19.362 4.62874C18.7202 4.30176 17.8802 4.30176 16.2 4.30176H7.8C6.11984 4.30176 5.27976 4.30176 4.63803 4.62874C4.07354 4.91636 3.6146 5.3753 3.32698 5.93979C3 6.58152 3 7.4216 3 9.10176V17.5018C3 19.1819 3 20.022 3.32698 20.6637C3.6146 21.2282 4.07354 21.6872 4.63803 21.9748C5.27976 22.3018 6.11984 22.3018 7.8 22.3018Z\" stroke=\"currentColor\" stroke-width=\"1.39\" stroke-linecap=\"round\" stroke-linejoin=\"round\"\/>\n                    <\/g>\n                <\/svg>\n            <\/span>\n            \t\t\t\t\t\t<div class=\"wpte-card__meta-content\">\n\t\t\t\t\t\t\t\t\t\t\t\t\t\t\t<span class=\"wpte-card__meta-title\">Duration<\/span>\n\t\t\t\t\t\t\t\t<span class=\"wpte-card__meta-value\">1 Day<\/span>\n\t\t\t\t\t\t<\/div>\n\t\t\t\t\t<\/div>\n\t\t\t\t\t\t\t<\/div>\n\t\t\t\t\t<\/div>\n\t<\/div>\n<\/div>\n<div class=\"wpte-card wpte-card--l-r wpte-col-num-2\" itemprop=\"itemListElement\" itemscope itemtype=\"http:\/\/schema.org\/ListItem\">\n\t<div class=\"wpte-card__wrap\">\n\t\t<div class=\"wpte-card__media\">\n\t\t\t\t\t\t\t\t\t<figure class=\"wpte-card__image\">\n\t\t\t\t\t\t\t\t<a href=\"https:\/\/egitravel.com\/?trip=joradn\" class=\"wpte-card__fallback-img\">\n\t\t\t\t\t\t\t\t\t<\/a>\n\t\t\t<\/figure>\n\t\t\t\t\t<\/div>\n\t\t<div class=\"wpte-card__content\">\n\t\t\t\t\t\t\t\t<div class=\"wpte-card__location\">\n\t\t\t\t\t\t            <span class=\"wpte-card__icon\">\n                <svg\n                    data-prefix=\"fas\" \n                    data-icon=\"map-marker\"  \n                    width=\"12\" \n                    height=\"15\" \n                    viewBox=\"0 0 12 15\" \n                    fill=\"none\" \n                    xmlns=\"http:\/\/www.w3.org\/2000\/svg\">\n                    <path d=\"M6 0C4.4087 0 2.88258 0.632141 1.75736 1.75736C0.632141 2.88258 0 4.4087 0 6C0 10.05 5.2875 14.625 5.5125 14.82C5.64835 14.9362 5.82124 15 6 15C6.17877 15 6.35165 14.9362 6.4875 14.82C6.75 14.625 12 10.05 12 6C12 4.4087 11.3679 2.88258 10.2426 1.75736C9.11742 0.632141 7.5913 0 6 0ZM6 13.2375C4.4025 11.7375 1.5 8.505 1.5 6C1.5 4.80653 1.97411 3.66193 2.81802 2.81802C3.66193 1.97411 4.80653 1.5 6 1.5C7.19347 1.5 8.33807 1.97411 9.18198 2.81802C10.0259 3.66193 10.5 4.80653 10.5 6C10.5 8.505 7.5975 11.745 6 13.2375ZM6 3C5.40666 3 4.82664 3.17595 4.33329 3.50559C3.83994 3.83524 3.45542 4.30377 3.22836 4.85195C3.0013 5.40013 2.94189 6.00333 3.05764 6.58527C3.1734 7.16721 3.45912 7.70176 3.87868 8.12132C4.29824 8.54088 4.83279 8.8266 5.41473 8.94236C5.99667 9.05811 6.59987 8.9987 7.14805 8.77164C7.69623 8.54458 8.16477 8.16006 8.49441 7.66671C8.82405 7.17336 9 6.59334 9 6C9 5.20435 8.68393 4.44129 8.12132 3.87868C7.55871 3.31607 6.79565 3 6 3ZM6 7.5C5.70333 7.5 5.41332 7.41203 5.16665 7.2472C4.91997 7.08238 4.72771 6.84811 4.61418 6.57403C4.50065 6.29994 4.47094 5.99834 4.52882 5.70736C4.5867 5.41639 4.72956 5.14912 4.93934 4.93934C5.14912 4.72956 5.41639 4.5867 5.70737 4.52882C5.99834 4.47094 6.29994 4.50065 6.57403 4.61418C6.84811 4.72771 7.08238 4.91997 7.2472 5.16665C7.41203 5.41332 7.5 5.70333 7.5 6C7.5 6.39782 7.34197 6.77936 7.06066 7.06066C6.77936 7.34196 6.39783 7.5 6 7.5Z\" fill=\"currentColor\"><\/path>\n                <\/svg>\n            <\/span>\n            \t\t\t\t\t\t<span><a rel=\"tag\" target=\"_self\" href=\"https:\/\/egitravel.com\/?destination=jordan\">Jordan<\/a><\/span>\n\t\t\t\t\t<\/div>\n\t\t\t\t\t\t\t\t\t<h2 class=\"wpte-card__title\" itemprop=\"name\">\n\t\t\t\t\t<a itemprop=\"url\" href=\"https:\/\/egitravel.com\/?trip=joradn\">Joradn<\/a>\n\t\t\t\t<\/h2>\n\t\t\t\t\t\t<div class=\"wpte-card__meta\">\n\t\t\t\t\n\t\t\t\t\t<div class=\"category trip-dur\">\n\t\t\t\t\t\t            <span class=\"wpte-card__icon\">\n                <svg width=\"24\" \n                    height=\"25\" \n                    viewBox=\"0 0 24 25\" \n                    fill=\"none\" \n                    xmlns=\"http:\/\/www.w3.org\/2000\/svg\">\n                    <g opacity=\"1\">\n                    <path d=\"M21 10.3018H3M16 2.30176V6.30176M8 2.30176V6.30176M7.8 22.3018H16.2C17.8802 22.3018 18.7202 22.3018 19.362 21.9748C19.9265 21.6872 20.3854 21.2282 20.673 20.6637C21 20.022 21 19.1819 21 17.5018V9.10176C21 7.4216 21 6.58152 20.673 5.93979C20.3854 5.3753 19.9265 4.91636 19.362 4.62874C18.7202 4.30176 17.8802 4.30176 16.2 4.30176H7.8C6.11984 4.30176 5.27976 4.30176 4.63803 4.62874C4.07354 4.91636 3.6146 5.3753 3.32698 5.93979C3 6.58152 3 7.4216 3 9.10176V17.5018C3 19.1819 3 20.022 3.32698 20.6637C3.6146 21.2282 4.07354 21.6872 4.63803 21.9748C5.27976 22.3018 6.11984 22.3018 7.8 22.3018Z\" stroke=\"currentColor\" stroke-width=\"1.39\" stroke-linecap=\"round\" stroke-linejoin=\"round\"\/>\n                    <\/g>\n                <\/svg>\n            <\/span>\n            \t\t\t\t\t\t<div class=\"wpte-card__meta-content\">\n\t\t\t\t\t\t\t\t\t\t\t\t\t\t\t<span class=\"wpte-card__meta-title\">Duration<\/span>\n\t\t\t\t\t\t\t\t<span class=\"wpte-card__meta-value\">1 Day<\/span>\n\t\t\t\t\t\t<\/div>\n\t\t\t\t\t<\/div>\n\t\t\t\t\t\t\t<\/div>\n\t\t\t\t\t<\/div>\n\t<\/div>\n<\/div>\n<div class=\"wpte-card wpte-card--l-r wpte-col-num-2\" itemprop=\"itemListElement\" itemscope itemtype=\"http:\/\/schema.org\/ListItem\">\n\t<div class=\"wpte-card__wrap\">\n\t\t<div class=\"wpte-card__media\">\n\t\t\t\t\t\t\t\t\t<figure class=\"wpte-card__image\">\n\t\t\t\t\t\t\t\t<a href=\"https:\/\/egitravel.com\/?trip=descubre-egipto-crucero-por-el-nilo-de-7-dias&#038;lang=es\" class=\"\">\n\t\t\t\t\t<img fetchpriority=\"high\" decoding=\"async\" width=\"275\" height=\"183\" src=\"https:\/\/egitravel.com\/wp-content\/uploads\/2025\/08\/download-9.jpeg\" class=\"attachment-trip-thumb-size size-trip-thumb-size wp-post-image\" alt=\"\" \/>\t\t\t\t<\/a>\n\t\t\t<\/figure>\n\t\t\t\t\t<\/div>\n\t\t<div class=\"wpte-card__content\">\n\t\t\t\t\t\t\t\t<div class=\"wpte-card__location\">\n\t\t\t\t\t\t            <span class=\"wpte-card__icon\">\n                <svg\n                    data-prefix=\"fas\" \n                    data-icon=\"map-marker\"  \n                    width=\"12\" \n                    height=\"15\" \n                    viewBox=\"0 0 12 15\" \n                    fill=\"none\" \n                    xmlns=\"http:\/\/www.w3.org\/2000\/svg\">\n                    <path d=\"M6 0C4.4087 0 2.88258 0.632141 1.75736 1.75736C0.632141 2.88258 0 4.4087 0 6C0 10.05 5.2875 14.625 5.5125 14.82C5.64835 14.9362 5.82124 15 6 15C6.17877 15 6.35165 14.9362 6.4875 14.82C6.75 14.625 12 10.05 12 6C12 4.4087 11.3679 2.88258 10.2426 1.75736C9.11742 0.632141 7.5913 0 6 0ZM6 13.2375C4.4025 11.7375 1.5 8.505 1.5 6C1.5 4.80653 1.97411 3.66193 2.81802 2.81802C3.66193 1.97411 4.80653 1.5 6 1.5C7.19347 1.5 8.33807 1.97411 9.18198 2.81802C10.0259 3.66193 10.5 4.80653 10.5 6C10.5 8.505 7.5975 11.745 6 13.2375ZM6 3C5.40666 3 4.82664 3.17595 4.33329 3.50559C3.83994 3.83524 3.45542 4.30377 3.22836 4.85195C3.0013 5.40013 2.94189 6.00333 3.05764 6.58527C3.1734 7.16721 3.45912 7.70176 3.87868 8.12132C4.29824 8.54088 4.83279 8.8266 5.41473 8.94236C5.99667 9.05811 6.59987 8.9987 7.14805 8.77164C7.69623 8.54458 8.16477 8.16006 8.49441 7.66671C8.82405 7.17336 9 6.59334 9 6C9 5.20435 8.68393 4.44129 8.12132 3.87868C7.55871 3.31607 6.79565 3 6 3ZM6 7.5C5.70333 7.5 5.41332 7.41203 5.16665 7.2472C4.91997 7.08238 4.72771 6.84811 4.61418 6.57403C4.50065 6.29994 4.47094 5.99834 4.52882 5.70736C4.5867 5.41639 4.72956 5.14912 4.93934 4.93934C5.14912 4.72956 5.41639 4.5867 5.70737 4.52882C5.99834 4.47094 6.29994 4.50065 6.57403 4.61418C6.84811 4.72771 7.08238 4.91997 7.2472 5.16665C7.41203 5.41332 7.5 5.70333 7.5 6C7.5 6.39782 7.34197 6.77936 7.06066 7.06066C6.77936 7.34196 6.39783 7.5 6 7.5Z\" fill=\"currentColor\"><\/path>\n                <\/svg>\n            <\/span>\n            \t\t\t\t\t\t<span><a rel=\"tag\" target=\"_self\" href=\"https:\/\/egitravel.com\/?destination=asuan-es&#038;lang=es\">Asu\u00e1n<\/a>, <a rel=\"tag\" target=\"_self\" href=\"https:\/\/egitravel.com\/?destination=egipto&#038;lang=es\">Egipto<\/a><\/span>\n\t\t\t\t\t<\/div>\n\t\t\t\t\t\t\t\t\t<h2 class=\"wpte-card__title\" itemprop=\"name\">\n\t\t\t\t\t<a itemprop=\"url\" href=\"https:\/\/egitravel.com\/?trip=descubre-egipto-crucero-por-el-nilo-de-7-dias&#038;lang=es\">Descubre Egipto \u2013 Crucero por el Nilo de 7 d\u00edas<\/a>\n\t\t\t\t<\/h2>\n\t\t\t\t\t\t<div class=\"wpte-card__meta\">\n\t\t\t\t\n\t\t\t\t\t<div class=\"category trip-dur\">\n\t\t\t\t\t\t            <span class=\"wpte-card__icon\">\n                <svg width=\"24\" \n                    height=\"25\" \n                    viewBox=\"0 0 24 25\" \n                    fill=\"none\" \n                    xmlns=\"http:\/\/www.w3.org\/2000\/svg\">\n                    <g opacity=\"1\">\n                    <path d=\"M21 10.3018H3M16 2.30176V6.30176M8 2.30176V6.30176M7.8 22.3018H16.2C17.8802 22.3018 18.7202 22.3018 19.362 21.9748C19.9265 21.6872 20.3854 21.2282 20.673 20.6637C21 20.022 21 19.1819 21 17.5018V9.10176C21 7.4216 21 6.58152 20.673 5.93979C20.3854 5.3753 19.9265 4.91636 19.362 4.62874C18.7202 4.30176 17.8802 4.30176 16.2 4.30176H7.8C6.11984 4.30176 5.27976 4.30176 4.63803 4.62874C4.07354 4.91636 3.6146 5.3753 3.32698 5.93979C3 6.58152 3 7.4216 3 9.10176V17.5018C3 19.1819 3 20.022 3.32698 20.6637C3.6146 21.2282 4.07354 21.6872 4.63803 21.9748C5.27976 22.3018 6.11984 22.3018 7.8 22.3018Z\" stroke=\"currentColor\" stroke-width=\"1.39\" stroke-linecap=\"round\" stroke-linejoin=\"round\"\/>\n                    <\/g>\n                <\/svg>\n            <\/span>\n            \t\t\t\t\t\t<div class=\"wpte-card__meta-content\">\n\t\t\t\t\t\t\t\t\t\t\t\t\t\t\t<span class=\"wpte-card__meta-title\">Duration<\/span>\n\t\t\t\t\t\t\t\t<span class=\"wpte-card__meta-value\">7 Days<\/span>\n\t\t\t\t\t\t<\/div>\n\t\t\t\t\t<\/div>\n\t\t\t\t\t\t\t<\/div>\n\t\t\t\t\t<\/div>\n\t<\/div>\n<\/div>\n\t\t\t\t<\/div><!-- .wte-adv-trips -->\n\t\t\t<\/div>\n\t\t\t\t\t\t<\/div>\n\t\t\t\t<\/div>\n\t\t\t\t\t<\/div>\n\t\t\t\t<\/div>\n\t\t\t\t<\/div>\n\t\t","protected":false},"excerpt":{"rendered":"<p>Jordania Jordania Duration 1 Day &#036;0 Asu\u00e1n, Egipto, El Cairo, Hurgada, luxor Safari Adventure in Kenya &#8211; 5 Days Duration 1 Day &#036;0 Featured Dub\u00e1i Dub\u00e1i Duration 1 Day &#036;0 Asu\u00e1n, Egipto Descubre Egipto \u2013 Crucero por el Nilo de 7 d\u00edas Duration 7 Days &#036;0<\/p>\n","protected":false},"author":1,"featured_media":0,"parent":0,"menu_order":0,"comment_status":"closed","ping_status":"closed","template":"","meta":{"site-sidebar-layout":"no-sidebar","site-content-layout":"page-builder","ast-site-content-layout":"full-width-container","site-content-style":"default","site-sidebar-style":"default","ast-global-header-display":"","ast-banner-title-visibility":"","ast-main-header-display":"","ast-hfb-above-header-display":"","ast-hfb-below-header-display":"","ast-hfb-mobile-header-display":"","site-post-title":"disabled","ast-breadcrumbs-content":"","ast-featured-img":"disabled","footer-sml-layout":"","ast-disable-related-posts":"","theme-transparent-header-meta":"","adv-header-id-meta":"","stick-header-meta":"","header-above-stick-meta":"","header-main-stick-meta":"","header-below-stick-meta":"","astra-migrate-meta-layouts":"set","ast-page-background-enabled":"default","ast-page-background-meta":{"desktop":{"background-color":"","background-image":"","background-repeat":"repeat","background-position":"center center","background-size":"auto","background-attachment":"scroll","background-type":"","background-media":"","overlay-type":"","overlay-color":"","overlay-opacity":"","overlay-gradient":""},"tablet":{"background-color":"","background-image":"","background-repeat":"repeat","background-position":"center center","background-size":"auto","background-attachment":"scroll","background-type":"","background-media":"","overlay-type":"","overlay-color":"","overlay-opacity":"","overlay-gradient":""},"mobile":{"background-color":"","background-image":"","background-repeat":"repeat","background-position":"center center","background-size":"auto","background-attachment":"scroll","background-type":"","background-media":"","overlay-type":"","overlay-color":"","overlay-opacity":"","overlay-gradient":""}},"ast-content-background-meta":{"desktop":{"background-color":"var(--ast-global-color-5)","background-image":"","background-repeat":"repeat","background-position":"center center","background-size":"auto","background-attachment":"scroll","background-type":"","background-media":"","overlay-type":"","overlay-color":"","overlay-opacity":"","overlay-gradient":""},"tablet":{"background-color":"var(--ast-global-color-5)","background-image":"","background-repeat":"repeat","background-position":"center center","background-size":"auto","background-attachment":"scroll","background-type":"","background-media":"","overlay-type":"","overlay-color":"","overlay-opacity":"","overlay-gradient":""},"mobile":{"background-color":"var(--ast-global-color-5)","background-image":"","background-repeat":"repeat","background-position":"center center","background-size":"auto","background-attachment":"scroll","background-type":"","background-media":"","overlay-type":"","overlay-color":"","overlay-opacity":"","overlay-gradient":""}},"footnotes":""},"class_list":["post-1253","page","type-page","status-publish","hentry"],"_links":{"self":[{"href":"https:\/\/egitravel.com\/index.php?rest_route=\/wp\/v2\/pages\/1253","targetHints":{"allow":["GET"]}}],"collection":[{"href":"https:\/\/egitravel.com\/index.php?rest_route=\/wp\/v2\/pages"}],"about":[{"href":"https:\/\/egitravel.com\/index.php?rest_route=\/wp\/v2\/types\/page"}],"author":[{"embeddable":true,"href":"https:\/\/egitravel.com\/index.php?rest_route=\/wp\/v2\/users\/1"}],"replies":[{"embeddable":true,"href":"https:\/\/egitravel.com\/index.php?rest_route=%2Fwp%2Fv2%2Fcomments&post=1253"}],"version-history":[{"count":4,"href":"https:\/\/egitravel.com\/index.php?rest_route=\/wp\/v2\/pages\/1253\/revisions"}],"predecessor-version":[{"id":1257,"href":"https:\/\/egitravel.com\/index.php?rest_route=\/wp\/v2\/pages\/1253\/revisions\/1257"}],"wp:attachment":[{"href":"https:\/\/egitravel.com\/index.php?rest_route=%2Fwp%2Fv2%2Fmedia&parent=1253"}],"curies":[{"name":"wp","href":"https:\/\/api.w.org\/{rel}","templated":true}]}}